{"id":126287,"date":"2025-03-26T17:26:04","date_gmt":"2025-03-26T16:26:04","guid":{"rendered":"https:\/\/www.nearshorefriends.com\/contact\/"},"modified":"2026-01-22T23:30:23","modified_gmt":"2026-01-22T22:30:23","slug":"contact","status":"publish","type":"page","link":"https:\/\/www.nearshorefriends.com\/fr\/contact\/","title":{"rendered":"Contact"},"content":{"rendered":"\t\t<div data-elementor-type=\"wp-page\" data-elementor-id=\"126287\" class=\"elementor elementor-126287 elementor-362\" data-elementor-post-type=\"page\">\n\t\t\t\t<div class=\"elementor-element elementor-element-16810d4e e-flex e-con-boxed e-con e-parent\" data-id=\"16810d4e\" data-element_type=\"container\" data-e-type=\"container\" data-settings=\"{&quot;background_background&quot;:&quot;classic&quot;}\">\n\t\t\t\t\t<div class=\"e-con-inner\">\n\t\t\t\t<div class=\"elementor-element elementor-element-5e266d4c elementor-widget__width-inherit elementor-invisible elementor-widget elementor-widget-heading\" data-id=\"5e266d4c\" data-element_type=\"widget\" data-e-type=\"widget\" data-settings=\"{&quot;_animation&quot;:&quot;fadeIn&quot;}\" data-widget_type=\"heading.default\">\n\t\t\t\t\t<h1 class=\"elementor-heading-title elementor-size-default\">Nous contacter<\/h1>\t\t\t\t<\/div>\n\t\t\t\t<div class=\"elementor-element elementor-element-3538582 elementor-icon-list--layout-inline elementor-align-center elementor-list-item-link-full_width elementor-invisible elementor-widget elementor-widget-icon-list\" data-id=\"3538582\" data-element_type=\"widget\" data-e-type=\"widget\" data-settings=\"{&quot;_animation&quot;:&quot;fadeIn&quot;,&quot;_animation_delay&quot;:200}\" data-widget_type=\"icon-list.default\">\n\t\t\t\t\t\t\t<ul class=\"elementor-icon-list-items elementor-inline-items\">\n\t\t\t\t\t\t\t<li class=\"elementor-icon-list-item elementor-inline-item\">\n\t\t\t\t\t\t\t\t\t\t\t<a href=\"https:\/\/www.nearshorefriends.com\/fr\/\">\n\n\t\t\t\t\t\t\t\t\t\t\t<span class=\"elementor-icon-list-text\">Accueil<\/span>\n\t\t\t\t\t\t\t\t\t\t\t<\/a>\n\t\t\t\t\t\t\t\t\t<\/li>\n\t\t\t\t\t\t\t\t<li class=\"elementor-icon-list-item elementor-inline-item\">\n\t\t\t\t\t\t\t\t\t\t\t<a href=\"https:\/\/www.nearshorefriends.com\/fr\/contact\/\">\n\n\t\t\t\t\t\t\t\t\t\t\t\t<span class=\"elementor-icon-list-icon\">\n\t\t\t\t\t\t\t<i aria-hidden=\"true\" class=\"icon icon-arrow-right\"><\/i>\t\t\t\t\t\t<\/span>\n\t\t\t\t\t\t\t\t\t\t<span class=\"elementor-icon-list-text\">Contact<\/span>\n\t\t\t\t\t\t\t\t\t\t\t<\/a>\n\t\t\t\t\t\t\t\t\t<\/li>\n\t\t\t\t\t\t<\/ul>\n\t\t\t\t\t\t<\/div>\n\t\t\t\t\t<\/div>\n\t\t\t\t<\/div>\n\t\t<div class=\"elementor-element elementor-element-1d56518 e-flex e-con-boxed e-con e-parent\" data-id=\"1d56518\" data-element_type=\"container\" data-e-type=\"container\">\n\t\t\t\t\t<div class=\"e-con-inner\">\n\t\t<div class=\"elementor-element elementor-element-90abf3a e-con-full e-flex e-con e-child\" data-id=\"90abf3a\" data-element_type=\"container\" data-e-type=\"container\">\n\t\t<div class=\"elementor-element elementor-element-af2e721 e-con-full e-flex e-con e-child\" data-id=\"af2e721\" data-element_type=\"container\" data-e-type=\"container\">\n\t\t\t\t<div class=\"elementor-element elementor-element-59ac963 elementor-widget elementor-widget-image\" data-id=\"59ac963\" data-element_type=\"widget\" data-e-type=\"widget\" data-widget_type=\"image.default\">\n\t\t\t\t\t\t\t\t\t\t\t\t\t\t\t<img fetchpriority=\"high\" decoding=\"async\" width=\"800\" height=\"800\" src=\"https:\/\/www.nearshorefriends.com\/wp-content\/uploads\/2025\/05\/andreas-ganswindt-quadratisch-1024x1024.jpg\" class=\"attachment-large size-large wp-image-125751\" alt=\"Un homme aux cheveux blancs courts et portant des lunettes sourit, debout avec les bras crois\u00e9s devant un mur de briques rouges. Il porte un pull bleu avec une chemise \u00e0 col blanc en dessous.\" srcset=\"https:\/\/www.nearshorefriends.com\/wp-content\/uploads\/2025\/05\/andreas-ganswindt-quadratisch-1024x1024.jpg 1024w, https:\/\/www.nearshorefriends.com\/wp-content\/uploads\/2025\/05\/andreas-ganswindt-quadratisch-300x300.jpg 300w, https:\/\/www.nearshorefriends.com\/wp-content\/uploads\/2025\/05\/andreas-ganswindt-quadratisch-150x150.jpg 150w, https:\/\/www.nearshorefriends.com\/wp-content\/uploads\/2025\/05\/andreas-ganswindt-quadratisch-768x768.jpg 768w, https:\/\/www.nearshorefriends.com\/wp-content\/uploads\/2025\/05\/andreas-ganswindt-quadratisch-1536x1536.jpg 1536w, https:\/\/www.nearshorefriends.com\/wp-content\/uploads\/2025\/05\/andreas-ganswindt-quadratisch-2048x2048.jpg 2048w\" sizes=\"(max-width: 800px) 100vw, 800px\" \/>\t\t\t\t\t\t\t\t\t\t\t\t\t\t\t<\/div>\n\t\t\t\t<div class=\"elementor-element elementor-element-99e6de3 elementor-shape-circle e-grid-align-right e-grid-align-tablet-right elementor-grid-0 elementor-widget elementor-widget-social-icons\" data-id=\"99e6de3\" data-element_type=\"widget\" data-e-type=\"widget\" data-widget_type=\"social-icons.default\">\n\t\t\t\t\t\t\t<div class=\"elementor-social-icons-wrapper elementor-grid\" role=\"list\">\n\t\t\t\t\t\t\t<span class=\"elementor-grid-item\" role=\"listitem\">\n\t\t\t\t\t<a class=\"elementor-icon elementor-social-icon elementor-social-icon-linkedin-in elementor-repeater-item-046161f\" href=\"https:\/\/www.linkedin.com\/company\/nearshorefriends\" target=\"_blank\" rel=\"nofollow noopener\">\n\t\t\t\t\t\t<span class=\"elementor-screen-only\">Linkedin-in<\/span>\n\t\t\t\t\t\t<svg aria-hidden=\"true\" class=\"e-font-icon-svg e-fab-linkedin-in\" viewBox=\"0 0 448 512\" xmlns=\"http:\/\/www.w3.org\/2000\/svg\"><path d=\"M100.28 448H7.4V148.9h92.88zM53.79 108.1C24.09 108.1 0 83.5 0 53.8a53.79 53.79 0 0 1 107.58 0c0 29.7-24.1 54.3-53.79 54.3zM447.9 448h-92.68V302.4c0-34.7-.7-79.2-48.29-79.2-48.29 0-55.69 37.7-55.69 76.7V448h-92.78V148.9h89.08v40.8h1.3c12.4-23.5 42.69-48.3 87.88-48.3 94 0 111.28 61.9 111.28 142.3V448z\"><\/path><\/svg>\t\t\t\t\t<\/a>\n\t\t\t\t<\/span>\n\t\t\t\t\t\t\t<span class=\"elementor-grid-item\" role=\"listitem\">\n\t\t\t\t\t<a class=\"elementor-icon elementor-social-icon elementor-social-icon-youtube elementor-repeater-item-b96695c\" href=\"https:\/\/www.youtube.com\/@nearshorefriendsgmbh\" target=\"_blank\" rel=\"nofollow noopener\">\n\t\t\t\t\t\t<span class=\"elementor-screen-only\">Youtube<\/span>\n\t\t\t\t\t\t<svg aria-hidden=\"true\" class=\"e-font-icon-svg e-fab-youtube\" viewBox=\"0 0 576 512\" xmlns=\"http:\/\/www.w3.org\/2000\/svg\"><path d=\"M549.655 124.083c-6.281-23.65-24.787-42.276-48.284-48.597C458.781 64 288 64 288 64S117.22 64 74.629 75.486c-23.497 6.322-42.003 24.947-48.284 48.597-11.412 42.867-11.412 132.305-11.412 132.305s0 89.438 11.412 132.305c6.281 23.65 24.787 41.5 48.284 47.821C117.22 448 288 448 288 448s170.78 0 213.371-11.486c23.497-6.321 42.003-24.171 48.284-47.821 11.412-42.867 11.412-132.305 11.412-132.305s0-89.438-11.412-132.305zm-317.51 213.508V175.185l142.739 81.205-142.739 81.201z\"><\/path><\/svg>\t\t\t\t\t<\/a>\n\t\t\t\t<\/span>\n\t\t\t\t\t\t\t<span class=\"elementor-grid-item\" role=\"listitem\">\n\t\t\t\t\t<a class=\"elementor-icon elementor-social-icon elementor-social-icon-x-twitter elementor-repeater-item-f592de8\" href=\"https:\/\/x.com\/nearshorefriend\" target=\"_blank\" rel=\"nofollow\">\n\t\t\t\t\t\t<span class=\"elementor-screen-only\">X-twitter<\/span>\n\t\t\t\t\t\t<svg aria-hidden=\"true\" class=\"e-font-icon-svg e-fab-x-twitter\" viewBox=\"0 0 512 512\" xmlns=\"http:\/\/www.w3.org\/2000\/svg\"><path d=\"M389.2 48h70.6L305.6 224.2 487 464H345L233.7 318.6 106.5 464H35.8L200.7 275.5 26.8 48H172.4L272.9 180.9 389.2 48zM364.4 421.8h39.1L151.1 88h-42L364.4 421.8z\"><\/path><\/svg>\t\t\t\t\t<\/a>\n\t\t\t\t<\/span>\n\t\t\t\t\t<\/div>\n\t\t\t\t\t\t<\/div>\n\t\t\t\t<\/div>\n\t\t<div class=\"elementor-element elementor-element-f0af21f e-con-full e-flex e-con e-child\" data-id=\"f0af21f\" data-element_type=\"container\" data-e-type=\"container\">\n\t\t<div class=\"elementor-element elementor-element-de18ce4 e-con-full e-flex e-con e-child\" data-id=\"de18ce4\" data-element_type=\"container\" data-e-type=\"container\">\n\t\t\t\t<div class=\"elementor-element elementor-element-b653073 elementor-widget__width-inherit elementor-invisible elementor-widget elementor-widget-text-editor\" data-id=\"b653073\" data-element_type=\"widget\" data-e-type=\"widget\" data-settings=\"{&quot;_animation&quot;:&quot;fadeIn&quot;}\" data-widget_type=\"text-editor.default\">\n\t\t\t\t\t\t\t\t\t<p>Comment pouvons-nous vous aider?<\/p>\t\t\t\t\t\t\t\t<\/div>\n\t\t\t\t<div class=\"elementor-element elementor-element-f85d4f2 elementor-invisible elementor-widget elementor-widget-heading\" data-id=\"f85d4f2\" data-element_type=\"widget\" data-e-type=\"widget\" data-settings=\"{&quot;_animation&quot;:&quot;fadeIn&quot;,&quot;_animation_delay&quot;:200}\" data-widget_type=\"heading.default\">\n\t\t\t\t\t<h2 class=\"elementor-heading-title elementor-size-default\">Nous contacter<\/h2>\t\t\t\t<\/div>\n\t\t\t\t<div class=\"elementor-element elementor-element-ed70934 elementor-button-align-start elementor-widget elementor-widget-form\" data-id=\"ed70934\" data-element_type=\"widget\" data-e-type=\"widget\" data-settings=\"{&quot;step_next_label&quot;:&quot;Suivant&quot;,&quot;step_previous_label&quot;:&quot;Pr\\u00e9c\\u00e9dent&quot;,&quot;button_width&quot;:&quot;100&quot;,&quot;step_type&quot;:&quot;number_text&quot;,&quot;step_icon_shape&quot;:&quot;circle&quot;}\" data-widget_type=\"form.default\">\n\t\t\t\t\t\t\t<form class=\"elementor-form\" method=\"post\" name=\"Contact\" aria-label=\"Contact\">\n\t\t\t<input type=\"hidden\" name=\"post_id\" value=\"126287\"\/>\n\t\t\t<input type=\"hidden\" name=\"form_id\" value=\"ed70934\"\/>\n\t\t\t<input type=\"hidden\" name=\"referer_title\" value=\"Contact - nearshorefriends\" \/>\n\n\t\t\t\t\t\t\t<input type=\"hidden\" name=\"queried_id\" value=\"126287\"\/>\n\t\t\t\n\t\t\t<div class=\"elementor-form-fields-wrapper elementor-labels-\">\n\t\t\t\t\t\t\t\t<div class=\"elementor-field-type-text elementor-field-group elementor-column elementor-field-group-name elementor-col-100\">\n\t\t\t\t\t\t\t\t\t\t\t\t<label for=\"form-field-name\" class=\"elementor-field-label elementor-screen-only\">\n\t\t\t\t\t\t\t\tNom\t\t\t\t\t\t\t<\/label>\n\t\t\t\t\t\t\t\t\t\t\t\t\t\t<input size=\"1\" type=\"text\" name=\"form_fields[name]\" id=\"form-field-name\" class=\"elementor-field elementor-size-sm  elementor-field-textual\" placeholder=\"Nom\">\n\t\t\t\t\t\t\t\t\t\t\t<\/div>\n\t\t\t\t\t\t\t\t<div class=\"elementor-field-type-email elementor-field-group elementor-column elementor-field-group-email elementor-col-100 elementor-field-required\">\n\t\t\t\t\t\t\t\t\t\t\t\t<label for=\"form-field-email\" class=\"elementor-field-label elementor-screen-only\">\n\t\t\t\t\t\t\t\tE-mail\t\t\t\t\t\t\t<\/label>\n\t\t\t\t\t\t\t\t\t\t\t\t\t\t<input size=\"1\" type=\"email\" name=\"form_fields[email]\" id=\"form-field-email\" class=\"elementor-field elementor-size-sm  elementor-field-textual\" placeholder=\"e-mail\" required=\"required\">\n\t\t\t\t\t\t\t\t\t\t\t<\/div>\n\t\t\t\t\t\t\t\t<div class=\"elementor-field-type-textarea elementor-field-group elementor-column elementor-field-group-message elementor-col-100\">\n\t\t\t\t\t\t\t\t\t\t\t\t<label for=\"form-field-message\" class=\"elementor-field-label elementor-screen-only\">\n\t\t\t\t\t\t\t\tMessage\t\t\t\t\t\t\t<\/label>\n\t\t\t\t\t\t<textarea class=\"elementor-field-textual elementor-field  elementor-size-sm\" name=\"form_fields[message]\" id=\"form-field-message\" rows=\"4\" placeholder=\"Message\"><\/textarea>\t\t\t\t<\/div>\n\t\t\t\t\t\t\t\t<div class=\"elementor-field-type-acceptance elementor-field-group elementor-column elementor-field-group-dataprivacy elementor-col-100 elementor-field-required\">\n\t\t\t\t\t\t\t\t\t\t\t\t<label for=\"form-field-dataprivacy\" class=\"elementor-field-label elementor-screen-only\">\n\t\t\t\t\t\t\t\tProtection des donn\u00e9es\t\t\t\t\t\t\t<\/label>\n\t\t\t\t\t\t\t\t<div class=\"elementor-field-subgroup\">\n\t\t\t<span class=\"elementor-field-option\">\n\t\t\t\t<input type=\"checkbox\" name=\"form_fields[dataprivacy]\" id=\"form-field-dataprivacy\" class=\"elementor-field elementor-size-sm  elementor-acceptance-field\" required=\"required\">\n\t\t\t\t<label for=\"form-field-dataprivacy\">J'accepte la politique de confidentialit\u00e9 de nearshorefriends et donne mon consentement au traitement de mes donn\u00e9es personnelles.<\/label>\t\t\t<\/span>\n\t\t<\/div>\n\t\t\t\t\t\t<\/div>\n\t\t\t\t\t\t\t\t<div class=\"elementor-field-group elementor-column elementor-field-type-submit elementor-col-100 e-form__buttons\">\n\t\t\t\t\t<button class=\"elementor-button elementor-size-sm\" type=\"submit\">\n\t\t\t\t\t\t<span class=\"elementor-button-content-wrapper\">\n\t\t\t\t\t\t\t\t\t\t\t\t\t\t\t\t\t\t\t\t\t\t<span class=\"elementor-button-text\">Envoyer le message<\/span>\n\t\t\t\t\t\t\t\t\t\t\t\t\t<\/span>\n\t\t\t\t\t<\/button>\n\t\t\t\t<\/div>\n\t\t\t<\/div>\n\t\t<\/form>\n\t\t\t\t\t\t<\/div>\n\t\t\t\t<\/div>\n\t\t\t\t<\/div>\n\t\t\t\t<\/div>\n\t\t\t\t\t<\/div>\n\t\t\t\t<\/div>\n\t\t<div class=\"elementor-element elementor-element-bd2102a e-flex e-con-boxed e-con e-parent\" data-id=\"bd2102a\" data-element_type=\"container\" data-e-type=\"container\">\n\t\t\t\t\t<div class=\"e-con-inner\">\n\t\t\t\t<div class=\"elementor-element elementor-element-7f49797 elementor-widget__width-inherit elementor-invisible elementor-widget elementor-widget-text-editor\" data-id=\"7f49797\" data-element_type=\"widget\" data-e-type=\"widget\" data-settings=\"{&quot;_animation&quot;:&quot;fadeIn&quot;}\" data-widget_type=\"text-editor.default\">\n\t\t\t\t\t\t\t\t\t<p>Nous sommes l\u00e0 pour vous !<\/p>\t\t\t\t\t\t\t\t<\/div>\n\t\t\t\t<div class=\"elementor-element elementor-element-4bd882b elementor-widget elementor-widget-heading\" data-id=\"4bd882b\" data-element_type=\"widget\" data-e-type=\"widget\" data-widget_type=\"heading.default\">\n\t\t\t\t\t<h2 class=\"elementor-heading-title elementor-size-default\">R\u00e9server un rendez-vous<\/h2>\t\t\t\t<\/div>\n\t\t\t\t<div class=\"elementor-element elementor-element-ad3c26a elementor-widget elementor-widget-elementskit-simple-tab\" data-id=\"ad3c26a\" data-element_type=\"widget\" data-e-type=\"widget\" data-widget_type=\"elementskit-simple-tab.default\">\n\t\t\t\t<div class=\"elementor-widget-container\">\n\t\t\t\t\t<div class=\"ekit-wid-con\" >        <div class=\"elementkit-tab-wraper   elementskit-fitcontent-tab \">\n            <ul class=\"nav nav-tabs elementkit-tab-nav \">\n                                    <li class=\"elementkit-nav-item elementor-repeater-item-a7666bd\">\n                        <a class=\"elementkit-nav-link  active show left-pos\" id=\"content-a7666bd69e6857e7b141-tab\" data-ekit-handler-id=\"-img-src-https-www-nearshorefriends-com-wp-content-uploads-2025-06-calendly-15min-png-\" data-ekit-toggle=\"tab\" data-target=\"#content-a7666bd69e6857e7b141\" href=\"#Content-a7666bd69e6857e7b141\"\n                            data-ekit-toggle-trigger=\"click\"\n                            aria-describedby=\"Content-a7666bd69e6857e7b141\">\n                            <span class=\"elementskit-tab-icon\"><\/span>                            <span class=\"elementskit-tab-title\"><img decoding=\"async\" src=\"https:\/\/www.nearshorefriends.com\/wp-content\/uploads\/2025\/06\/calendly-15min.png\"><\/span>\n                        <\/a>\n                    <\/li>\n                                        <li class=\"elementkit-nav-item elementor-repeater-item-09f7539\">\n                        <a class=\"elementkit-nav-link  left-pos\" id=\"content-09f753969e6857e7b141-tab\" data-ekit-handler-id=\"-img-src-https-www-nearshorefriends-com-wp-content-uploads-2025-06-calendly-30min-png-\" data-ekit-toggle=\"tab\" data-target=\"#content-09f753969e6857e7b141\" href=\"#Content-09f753969e6857e7b141\"\n                            data-ekit-toggle-trigger=\"click\"\n                            aria-describedby=\"Content-09f753969e6857e7b141\">\n                            <span class=\"elementskit-tab-icon\"><\/span>                            <span class=\"elementskit-tab-title\"><img decoding=\"async\" src=\"https:\/\/www.nearshorefriends.com\/wp-content\/uploads\/2025\/06\/calendly-30min.png\"><\/span>\n                        <\/a>\n                    <\/li>\n                                        <li class=\"elementkit-nav-item elementor-repeater-item-bce4702\">\n                        <a class=\"elementkit-nav-link  left-pos\" id=\"content-bce470269e6857e7b141-tab\" data-ekit-handler-id=\"-img-src-https-www-nearshorefriends-com-wp-content-uploads-2025-06-calendly-60min-png-\" data-ekit-toggle=\"tab\" data-target=\"#content-bce470269e6857e7b141\" href=\"#Content-bce470269e6857e7b141\"\n                            data-ekit-toggle-trigger=\"click\"\n                            aria-describedby=\"Content-bce470269e6857e7b141\">\n                            <span class=\"elementskit-tab-icon\"><\/span>                            <span class=\"elementskit-tab-title\"><img decoding=\"async\" src=\"https:\/\/www.nearshorefriends.com\/wp-content\/uploads\/2025\/06\/calendly-60min.png\"><\/span>\n                        <\/a>\n                    <\/li>\n                                <\/ul>\n\n            <div class=\"tab-content elementkit-tab-content\">\n                                    <div class=\"tab-pane elementkit-tab-pane elementor-repeater-item-a7666bd  active show\" id=\"content-a7666bd69e6857e7b141\" role=\"tabpanel\"\n                         aria-labelledby=\"content-a7666bd69e6857e7b141-tab\">\n                        <div class=\"animated fadeIn\">\n                            <div id=\"collapseExample1\" class=\"collapse show\">\n<div>\n<p><!-- Calendly inline widget begin --><\/p>\n<div class=\"calendly-inline-widget\" style=\"position: relative; min-width: 320px; height: 630px;\" data-url=\"https:\/\/calendly.com\/andreas-ganswindt\/15min\" data-processed=\"true\">\n<div class=\"calendly-spinner\">\n<div class=\"calendly-bounce1\"> <\/div>\n<div class=\"calendly-bounce2\"> <\/div>\n<div class=\"calendly-bounce3\"> <\/div>\n<\/div>\n<p><iframe title=\"S\u00e9lectionnez une date et une heure - calendly\" src=\"https:\/\/calendly.com\/andreas-ganswindt\/15min?embed_domain=nearshorefriends.de&amp;embed_type=Inline\" width=\"100%\" height=\"100%\" frameborder=\"0\"><\/iframe><\/p>\n<\/div>\n<p><script type=\"text\/javascript\" src=\"https:\/\/assets.calendly.com\/assets\/external\/widget.js\"><\/script> <!-- Calendly inline widget end --><\/p>\n<\/div>\n<\/div>\n                        <\/div>\n                    <\/div>\n                                    <div class=\"tab-pane elementkit-tab-pane elementor-repeater-item-09f7539 \" id=\"content-09f753969e6857e7b141\" role=\"tabpanel\"\n                         aria-labelledby=\"content-09f753969e6857e7b141-tab\">\n                        <div class=\"animated fadeIn\">\n                            <div id=\"collapseExample1\" class=\"collapse show\">\n<div>\n<p><!-- Calendly inline widget begin --><\/p>\n<div class=\"calendly-inline-widget\" style=\"position: relative; min-width: 320px; height: 630px;\" data-url=\"https:\/\/calendly.com\/andreas-ganswindt\/15min\" data-processed=\"true\">\n<div class=\"calendly-spinner\">\n<div class=\"calendly-bounce1\"> <\/div>\n<div class=\"calendly-bounce2\"> <\/div>\n<div class=\"calendly-bounce3\"> <\/div>\n<\/div>\n<p><iframe title=\"S\u00e9lectionnez une date et une heure - calendly\" src=\"https:\/\/calendly.com\/andreas-ganswindt\/15min?embed_domain=nearshorefriends.de&amp;embed_type=Inline\" width=\"100%\" height=\"100%\" frameborder=\"0\"><\/iframe><\/p>\n<\/div>\n<p><script type=\"text\/javascript\" src=\"https:\/\/assets.calendly.com\/assets\/external\/widget.js\"><\/script> <!-- Calendly inline widget end --><\/p>\n<\/div>\n<\/div>\n                        <\/div>\n                    <\/div>\n                                    <div class=\"tab-pane elementkit-tab-pane elementor-repeater-item-bce4702 \" id=\"content-bce470269e6857e7b141\" role=\"tabpanel\"\n                         aria-labelledby=\"content-bce470269e6857e7b141-tab\">\n                        <div class=\"animated fadeIn\">\n                            <div id=\"collapseExample3\" class=\"collapse show\">\n<div>\n<p><!-- Calendly inline widget begin --><\/p>\n<div class=\"calendly-inline-widget\" style=\"position: relative; min-width: 320px; height: 630px;\" data-url=\"https:\/\/calendly.com\/andreas-ganswindt\/60min\" data-processed=\"true\">\n<div class=\"calendly-spinner\">\n<div class=\"calendly-bounce1\"> <\/div>\n<div class=\"calendly-bounce2\"> <\/div>\n<div class=\"calendly-bounce3\"> <\/div>\n<\/div>\n<p><iframe title=\"S\u00e9lectionnez une date et une heure - calendly\" src=\"https:\/\/calendly.com\/andreas-ganswindt\/60min?embed_domain=nearshorefriends.de&amp;embed_type=Inline\" width=\"100%\" height=\"100%\" frameborder=\"0\"><\/iframe><\/p>\n<\/div>\n<p><!-- Calendly inline widget end --><\/p>\n<\/div>\n<\/div>\n                        <\/div>\n                    <\/div>\n                                \n            <\/div>\n                    <\/div>\n    <\/div>\t\t\t\t<\/div>\n\t\t\t\t<\/div>\n\t\t\t\t\t<\/div>\n\t\t\t\t<\/div>\n\t\t<div class=\"elementor-element elementor-element-fb5c90f e-flex e-con-boxed e-con e-parent\" data-id=\"fb5c90f\" data-element_type=\"container\" data-e-type=\"container\">\n\t\t\t\t\t<div class=\"e-con-inner\">\n\t\t<div class=\"elementor-element elementor-element-6b99175 e-grid e-con-full e-con e-child\" data-id=\"6b99175\" data-element_type=\"container\" data-e-type=\"container\">\n\t\t<div class=\"elementor-element elementor-element-73f9081 e-con-full e-flex elementor-invisible e-con e-child\" data-id=\"73f9081\" data-element_type=\"container\" data-e-type=\"container\" data-settings=\"{&quot;animation&quot;:&quot;fadeIn&quot;}\">\n\t\t\t\t<div class=\"elementor-element elementor-element-01abd4a elementor-view-default elementor-widget elementor-widget-icon\" data-id=\"01abd4a\" data-element_type=\"widget\" data-e-type=\"widget\" data-widget_type=\"icon.default\">\n\t\t\t\t\t\t\t<div class=\"elementor-icon-wrapper\">\n\t\t\t<div class=\"elementor-icon\">\n\t\t\t<i aria-hidden=\"true\" class=\"icon icon-home2\"><\/i>\t\t\t<\/div>\n\t\t<\/div>\n\t\t\t\t\t\t<\/div>\n\t\t\t\t<div class=\"elementor-element elementor-element-29ba1cd elementor-widget elementor-widget-text-editor\" data-id=\"29ba1cd\" data-element_type=\"widget\" data-e-type=\"widget\" data-widget_type=\"text-editor.default\">\n\t\t\t\t\t\t\t\t\t<p>nearshorefriends SARL<br>A5-2 Immeuble La Perc\u00e9e Verte<br>Avenue Neptune<br>Les Jardins de Carthage (Tunis)<\/p>\t\t\t\t\t\t\t\t<\/div>\n\t\t\t\t<\/div>\n\t\t<div class=\"elementor-element elementor-element-2988da4 e-con-full e-flex elementor-invisible e-con e-child\" data-id=\"2988da4\" data-element_type=\"container\" data-e-type=\"container\" data-settings=\"{&quot;animation&quot;:&quot;fadeIn&quot;}\">\n\t\t\t\t<div class=\"elementor-element elementor-element-efa49c7 elementor-view-default elementor-widget elementor-widget-icon\" data-id=\"efa49c7\" data-element_type=\"widget\" data-e-type=\"widget\" data-widget_type=\"icon.default\">\n\t\t\t\t\t\t\t<div class=\"elementor-icon-wrapper\">\n\t\t\t<a class=\"elementor-icon\" href=\"tel:004989413262330\">\n\t\t\t<i aria-hidden=\"true\" class=\"icon icon-phone-handset\"><\/i>\t\t\t<\/a>\n\t\t<\/div>\n\t\t\t\t\t\t<\/div>\n\t\t\t\t<div class=\"elementor-element elementor-element-716d1ab elementor-widget elementor-widget-text-editor\" data-id=\"716d1ab\" data-element_type=\"widget\" data-e-type=\"widget\" data-widget_type=\"text-editor.default\">\n\t\t\t\t\t\t\t\t\t<a title=\"+49 (89) 413262330\" href=\"tel:0021623111127\">+49 (89) 413262330<\/a>\t\t\t\t\t\t\t\t<\/div>\n\t\t\t\t<\/div>\n\t\t<div class=\"elementor-element elementor-element-ba06e9b e-con-full e-flex elementor-invisible e-con e-child\" data-id=\"ba06e9b\" data-element_type=\"container\" data-e-type=\"container\" data-settings=\"{&quot;animation&quot;:&quot;fadeIn&quot;,&quot;animation_delay&quot;:200}\">\n\t\t<div class=\"elementor-element elementor-element-fc97430 e-con-full e-flex elementor-invisible e-con e-child\" data-id=\"fc97430\" data-element_type=\"container\" data-e-type=\"container\" data-settings=\"{&quot;animation&quot;:&quot;fadeIn&quot;,&quot;animation_delay&quot;:400}\">\n\t\t\t\t<div class=\"elementor-element elementor-element-3711f49 elementor-view-default elementor-widget elementor-widget-icon\" data-id=\"3711f49\" data-element_type=\"widget\" data-e-type=\"widget\" data-widget_type=\"icon.default\">\n\t\t\t\t\t\t\t<div class=\"elementor-icon-wrapper\">\n\t\t\t<div class=\"elementor-icon\">\n\t\t\t<i aria-hidden=\"true\" class=\"icon icon-email1\"><\/i>\t\t\t<\/div>\n\t\t<\/div>\n\t\t\t\t\t\t<\/div>\n\t\t\t\t<div class=\"elementor-element elementor-element-ba7691f elementor-widget elementor-widget-text-editor\" data-id=\"ba7691f\" data-element_type=\"widget\" data-e-type=\"widget\" data-widget_type=\"text-editor.default\">\n\t\t\t\t\t\t\t\t\t<p><a href=\"mailto:info@nearshorefriends.de\">info@nearshorefriends.de<\/a><\/p>\t\t\t\t\t\t\t\t<\/div>\n\t\t\t\t<\/div>\n\t\t\t\t<\/div>\n\t\t\t\t<\/div>\n\t\t\t\t\t<\/div>\n\t\t\t\t<\/div>\n\t\t\t\t<\/div>\n\t\t","protected":false},"excerpt":{"rendered":"<p>Nous contacter Accueil Contact Linkedin-in Youtube X-twitter Comment pouvons-nous vous aider? Nous contacter Nous sommes l\u00e0 pour vous ! R\u00e9server un rendez-vous nearshorefriends SARLA5-2 Immeuble La Perc\u00e9e VerteAvenue NeptuneLes Jardins de Carthage (Tunis) +49 (89) 413262330 info@nearshorefriends.de<\/p>\n","protected":false},"author":1,"featured_media":125751,"parent":0,"menu_order":0,"comment_status":"closed","ping_status":"closed","template":"","meta":{"_acf_changed":false,"footnotes":""},"class_list":["post-126287","page","type-page","status-publish","has-post-thumbnail","hentry"],"acf":[],"_links":{"self":[{"href":"https:\/\/www.nearshorefriends.com\/fr\/wp-json\/wp\/v2\/pages\/126287","targetHints":{"allow":["GET"]}}],"collection":[{"href":"https:\/\/www.nearshorefriends.com\/fr\/wp-json\/wp\/v2\/pages"}],"about":[{"href":"https:\/\/www.nearshorefriends.com\/fr\/wp-json\/wp\/v2\/types\/page"}],"author":[{"embeddable":true,"href":"https:\/\/www.nearshorefriends.com\/fr\/wp-json\/wp\/v2\/users\/1"}],"replies":[{"embeddable":true,"href":"https:\/\/www.nearshorefriends.com\/fr\/wp-json\/wp\/v2\/comments?post=126287"}],"version-history":[{"count":3,"href":"https:\/\/www.nearshorefriends.com\/fr\/wp-json\/wp\/v2\/pages\/126287\/revisions"}],"predecessor-version":[{"id":127638,"href":"https:\/\/www.nearshorefriends.com\/fr\/wp-json\/wp\/v2\/pages\/126287\/revisions\/127638"}],"wp:featuredmedia":[{"embeddable":true,"href":"https:\/\/www.nearshorefriends.com\/fr\/wp-json\/wp\/v2\/media\/125751"}],"wp:attachment":[{"href":"https:\/\/www.nearshorefriends.com\/fr\/wp-json\/wp\/v2\/media?parent=126287"}],"curies":[{"name":"wp","href":"https:\/\/api.w.org\/{rel}","templated":true}]}}